{"id":115,"date":"2022-08-04T18:27:29","date_gmt":"2022-08-04T18:27:29","guid":{"rendered":"http:\/\/tfcs.se\/?page_id=115"},"modified":"2026-01-14T12:35:30","modified_gmt":"2026-01-14T12:35:30","slug":"medlem","status":"publish","type":"page","link":"https:\/\/tfcs.se\/?page_id=115","title":{"rendered":"Kotterier"},"content":{"rendered":"\n<p><em>Kotteri [av franska coterie, av fornfranska cote, koja], krets av likasinnade, klick, g\u00e4ng.<\/em><\/p>\n\n\n\n<div style=\"height:96px\" aria-hidden=\"true\" class=\"wp-block-spacer\"><\/div>\n\n\n\n<div class=\"wp-block-media-text alignwide is-stacked-on-mobile\" style=\"grid-template-columns:45% auto\"><figure class=\"wp-block-media-text__media\"><img loading=\"lazy\" decoding=\"async\" width=\"726\" height=\"1024\" src=\"http:\/\/tfcs.se\/wp-content\/uploads\/2022\/08\/128255415_3743967395660233_4866197571160017837_n-e1659650072936-726x1024.jpg\" alt=\"\" class=\"wp-image-243 size-full\" srcset=\"https:\/\/tfcs.se\/wp-content\/uploads\/2022\/08\/128255415_3743967395660233_4866197571160017837_n-e1659650072936-726x1024.jpg 726w, https:\/\/tfcs.se\/wp-content\/uploads\/2022\/08\/128255415_3743967395660233_4866197571160017837_n-e1659650072936-213x300.jpg 213w, https:\/\/tfcs.se\/wp-content\/uploads\/2022\/08\/128255415_3743967395660233_4866197571160017837_n-e1659650072936-768x1083.jpg 768w, https:\/\/tfcs.se\/wp-content\/uploads\/2022\/08\/128255415_3743967395660233_4866197571160017837_n-e1659650072936-1090x1536.jpg 1090w, https:\/\/tfcs.se\/wp-content\/uploads\/2022\/08\/128255415_3743967395660233_4866197571160017837_n-e1659650072936.jpg 1438w\" sizes=\"auto, (max-width: 726px) 100vw, 726px\" \/><\/figure><div class=\"wp-block-media-text__content\">\n<h2 class=\"wp-block-heading\">RASP<\/h2>\n\n\n\n<p>RASP \u00e4r en tidning som \u00e5rligen utges av Teknologf\u00f6reningen C.S. Tidningen, som har devisen &#8220;f\u00f6r allvar och st\u00e4dat sk\u00e4mt&#8221;, h\u00f6r varje h\u00f6st till studentlivet p\u00e5 skolan. Tidningen har getts ut sedan 1872, vilket g\u00f6r den till Sveriges \u00e4ldsta levande studentpublikation.<\/p>\n\n\n\n<p>Sin f\u00f6rsta tidning b\u00f6rjade C.S. ge ut redan 1867. Den gavs ut varje l\u00f6rdag i ett enda, handskrivet exemplar. \u00c5ren 1870\u20141873 fick man ett verkligt k\u00e5rorgan i tidningen &#8220;Fram\u00e5t&#8221;, som d\u00e4refter gick upp i tidningen Rasp.<\/p>\n\n\n\n<p>Kontakt:<br>RASP-redax<br>Teknologf\u00f6reningen C.S.<br>Emil Of\u00f6rv\u00e4gen 1A<br>412 58 G\u00f6teborg<br>Telefon: 031 &#8211; 18 10 22<br>rasp@tfcs.chalmers.se<\/p>\n<\/div><\/div>\n\n\n\n<div class=\"wp-block-media-text alignwide is-stacked-on-mobile\" style=\"grid-template-columns:45% auto\"><figure class=\"wp-block-media-text__media\"><img loading=\"lazy\" decoding=\"async\" width=\"1024\" height=\"750\" src=\"http:\/\/tfcs.se\/wp-content\/uploads\/2022\/08\/old-fashioned-cocktail.jpg-1024x750.webp\" alt=\"\" class=\"wp-image-216 size-full\" srcset=\"https:\/\/tfcs.se\/wp-content\/uploads\/2022\/08\/old-fashioned-cocktail.jpg-1024x750.webp 1024w, https:\/\/tfcs.se\/wp-content\/uploads\/2022\/08\/old-fashioned-cocktail.jpg-300x220.webp 300w, https:\/\/tfcs.se\/wp-content\/uploads\/2022\/08\/old-fashioned-cocktail.jpg-768x563.webp 768w, https:\/\/tfcs.se\/wp-content\/uploads\/2022\/08\/old-fashioned-cocktail.jpg.webp 1200w\" sizes=\"auto, (max-width: 1024px) 100vw, 1024px\" \/><\/figure><div class=\"wp-block-media-text__content\">\n<h2 class=\"wp-block-heading\">S.P.O.N.K.<\/h2>\n\n\n\n<p>S.P.O.N.K. f\u00f6rgyller din tillst\u00e4llning med en cocktailbar av v\u00e4rldsklass.&nbsp;<\/p>\n\n\n\n<p>Br\u00f6llop, m\u00f6hippor, f\u00f6retagsfester \u00e4r bara n\u00e5gra exempel.<\/p>\n\n\n\n<p>F\u00f6r mer information och bokningar<br>sponk@tfcs.se<br><\/p>\n<\/div><\/div>\n\n\n\n<div class=\"wp-block-media-text alignwide is-stacked-on-mobile\" style=\"grid-template-columns:45% auto\"><figure class=\"wp-block-media-text__media\"><img loading=\"lazy\" decoding=\"async\" width=\"600\" height=\"600\" src=\"http:\/\/tfcs.se\/wp-content\/uploads\/2022\/08\/decor-whiskey-barrel-grade-b-main_grande.jpg.webp\" alt=\"\" class=\"wp-image-220 size-full\" srcset=\"https:\/\/tfcs.se\/wp-content\/uploads\/2022\/08\/decor-whiskey-barrel-grade-b-main_grande.jpg.webp 600w, https:\/\/tfcs.se\/wp-content\/uploads\/2022\/08\/decor-whiskey-barrel-grade-b-main_grande.jpg-300x300.webp 300w, https:\/\/tfcs.se\/wp-content\/uploads\/2022\/08\/decor-whiskey-barrel-grade-b-main_grande.jpg-150x150.webp 150w\" sizes=\"auto, (max-width: 600px) 100vw, 600px\" \/><\/figure><div class=\"wp-block-media-text__content\">\n<h2 class=\"wp-block-heading\">VW<\/h2>\n\n\n\n<p>VW &#8211; Whiskyns Werkligt Wackra Wobblande W\u00e4nner<\/p>\n\n\n\n<p>\u00c4r du intresserad av whiskyprovning?<\/p>\n\n\n\n<p>Kontakta oss p\u00e5:<\/p>\n\n\n\n<p>vw@tfcs.chalmers.se<br>031-20 69 58<\/p>\n<\/div><\/div>\n\n\n\n<div class=\"wp-block-media-text alignwide is-stacked-on-mobile\" style=\"grid-template-columns:45% auto\"><figure class=\"wp-block-media-text__media\"><img loading=\"lazy\" decoding=\"async\" width=\"1024\" height=\"678\" src=\"http:\/\/tfcs.se\/wp-content\/uploads\/2022\/08\/wk70142949-image-kp6c57yg-1024x678.jpg\" alt=\"\" class=\"wp-image-221 size-full\" srcset=\"https:\/\/tfcs.se\/wp-content\/uploads\/2022\/08\/wk70142949-image-kp6c57yg-1024x678.jpg 1024w, https:\/\/tfcs.se\/wp-content\/uploads\/2022\/08\/wk70142949-image-kp6c57yg-300x199.jpg 300w, https:\/\/tfcs.se\/wp-content\/uploads\/2022\/08\/wk70142949-image-kp6c57yg-768x509.jpg 768w, https:\/\/tfcs.se\/wp-content\/uploads\/2022\/08\/wk70142949-image-kp6c57yg.jpg 1200w\" sizes=\"auto, (max-width: 1024px) 100vw, 1024px\" \/><\/figure><div class=\"wp-block-media-text__content\">\n<h2 class=\"wp-block-heading\">AMS<\/h2>\n\n\n\n<p>AMS, Adrians Munsk\u00e4nkar, \u00e4r en vinf\u00f6rening inom Teknologf\u00f6reningen C.S. Vi tr\u00e4ffas regelbundet f\u00f6r att prova intressanta viner och f\u00f6r att l\u00e4ra oss mer om vin i allm\u00e4nhet.<\/p>\n\n\n\n<p>F\u00f6r att h\u00e5lla ordning p\u00e5 vilka viner vi provat underh\u00e5ller vi en databas med provade och betygsatta viner som du \u00e4r v\u00e4lkommen att s\u00f6ka i.<\/p>\n\n\n\n<p>AMS \u00f6nskar dig en trevlig vistelse!<\/p>\n\n\n\n<p>&#8230;10:9<\/p>\n<\/div><\/div>\n\n\n\n<div class=\"wp-block-media-text alignwide is-stacked-on-mobile\" style=\"grid-template-columns:45% auto\"><figure class=\"wp-block-media-text__media\"><img loading=\"lazy\" decoding=\"async\" width=\"850\" height=\"550\" src=\"http:\/\/tfcs.se\/wp-content\/uploads\/2022\/08\/west-denver-craft-brew.jpg\" alt=\"\" class=\"wp-image-226 size-full\" srcset=\"https:\/\/tfcs.se\/wp-content\/uploads\/2022\/08\/west-denver-craft-brew.jpg 850w, https:\/\/tfcs.se\/wp-content\/uploads\/2022\/08\/west-denver-craft-brew-300x194.jpg 300w, https:\/\/tfcs.se\/wp-content\/uploads\/2022\/08\/west-denver-craft-brew-768x497.jpg 768w\" sizes=\"auto, (max-width: 850px) 100vw, 850px\" \/><\/figure><div class=\"wp-block-media-text__content\">\n<h2 class=\"wp-block-heading\">IIIB<\/h2>\n\n\n\n<p>IIIB \u00e4r en \u00f6lf\u00f6rening inom Teknologf\u00f6reningen C.S. Vi tr\u00e4ffas regelbundet f\u00f6r att prova intressanta \u00f6l och f\u00f6r att l\u00e4ra oss mer om \u00f6l i allm\u00e4nhet.<\/p>\n\n\n\n<p>IIIB@tfcs.se<\/p>\n<\/div><\/div>\n\n\n\n<div class=\"wp-block-media-text alignwide is-stacked-on-mobile\" style=\"grid-template-columns:45% auto\"><figure class=\"wp-block-media-text__media\"><img loading=\"lazy\" decoding=\"async\" width=\"683\" height=\"1024\" src=\"http:\/\/tfcs.se\/wp-content\/uploads\/2022\/08\/Champagne-2167-pixahive-683x1024.jpg\" alt=\"\" class=\"wp-image-229 size-full\" srcset=\"https:\/\/tfcs.se\/wp-content\/uploads\/2022\/08\/Champagne-2167-pixahive-683x1024.jpg 683w, https:\/\/tfcs.se\/wp-content\/uploads\/2022\/08\/Champagne-2167-pixahive-200x300.jpg 200w, https:\/\/tfcs.se\/wp-content\/uploads\/2022\/08\/Champagne-2167-pixahive-768x1152.jpg 768w, https:\/\/tfcs.se\/wp-content\/uploads\/2022\/08\/Champagne-2167-pixahive-1024x1536.jpg 1024w, https:\/\/tfcs.se\/wp-content\/uploads\/2022\/08\/Champagne-2167-pixahive-1366x2048.jpg 1366w, https:\/\/tfcs.se\/wp-content\/uploads\/2022\/08\/Champagne-2167-pixahive.jpg 1707w\" sizes=\"auto, (max-width: 683px) 100vw, 683px\" \/><\/figure><div class=\"wp-block-media-text__content\">\n<h2 class=\"wp-block-heading\">B.O.S.S.<\/h2>\n\n\n\n<p>B.O.S.S &#8211; Brandy och Skumvinss\u00e4llskapet &#8211; grundades 2005. S\u00e4llskapets m\u00e5l \u00e4r att v\u00e4rna fransk finkultur i allm\u00e4nhet samt avsmakningen av druv- och frukt-destillat och champagne i synnerhet. Vi f\u00f6rdjupar oss allts\u00e5 i \u00e4del dryckeskultur med fokus p\u00e5 Cognac, Champagne och Calvados. Genom regelbundna m\u00f6ten och provningar utvecklar och f\u00f6rb\u00e4ttrar vi v\u00e5r kunskap. Ut\u00f6ver detta reser vi g\u00e4rna till Frankrike f\u00f6r att bes\u00f6ka ving\u00e5rdar och producenter.<\/p>\n\n\n\n<p>B.O.S.S. arrangerar provningar av cognac, champagne och calvados. Vi erbjuder en rad olika uppl\u00e4gg, alltifr\u00e5n helhetsl\u00f6sningar med provning, middag och bar f\u00f6r stora s\u00e4llskap, till sm\u00e5 skr\u00e4ddarsydda arrangemang med exklusivt sortiment. <\/p>\n\n\n\n<p>Kontakta oss f\u00f6r priser och \u00f6vrig information:<\/p>\n\n\n\n<p>boss@tfcs.chalmers.se<br>031 &#8211; 20 69 58<\/p>\n<\/div><\/div>\n\n\n\n<div class=\"wp-block-media-text alignwide is-stacked-on-mobile\" style=\"grid-template-columns:45% auto\"><figure class=\"wp-block-media-text__media\"><img loading=\"lazy\" decoding=\"async\" width=\"700\" height=\"466\" src=\"http:\/\/tfcs.se\/wp-content\/uploads\/2022\/08\/IMG_0876.jpg\" alt=\"\" class=\"wp-image-235 size-full\" srcset=\"https:\/\/tfcs.se\/wp-content\/uploads\/2022\/08\/IMG_0876.jpg 700w, https:\/\/tfcs.se\/wp-content\/uploads\/2022\/08\/IMG_0876-300x200.jpg 300w\" sizes=\"auto, (max-width: 700px) 100vw, 700px\" \/><\/figure><div class=\"wp-block-media-text__content\">\n<h2 class=\"wp-block-heading\">Pedalisterna<\/h2>\n\n\n\n<p>Velocipedf\u00f6reningen Pedalisterna har till sin uppgift att v\u00e5rda och f\u00f6rvalta en quatrocyklotron, en tandemcykel f\u00f6r fyra, samt en h\u00f6ghjuling tillverkad i f\u00f6reg\u00e5ende sekels inledning. Cyklarna med tillh\u00f6rande pedalister g\u00e5r bra att hyra vid st\u00f6rre eller mindre tillst\u00e4llningar.<br><\/p>\n\n\n\n<p>F\u00f6r bokning och info:<br>pedalisterna@tfcs.chalmers.se<br>031 &#8211; 20 69 58<\/p>\n<\/div><\/div>\n\n\n\n<div class=\"wp-block-media-text alignwide is-stacked-on-mobile\" style=\"grid-template-columns:45% auto\"><figure class=\"wp-block-media-text__media\"><img loading=\"lazy\" decoding=\"async\" width=\"1000\" height=\"666\" src=\"http:\/\/tfcs.se\/wp-content\/uploads\/2022\/08\/big.jpg\" alt=\"\" class=\"wp-image-238 size-full\" srcset=\"https:\/\/tfcs.se\/wp-content\/uploads\/2022\/08\/big.jpg 1000w, https:\/\/tfcs.se\/wp-content\/uploads\/2022\/08\/big-300x200.jpg 300w, https:\/\/tfcs.se\/wp-content\/uploads\/2022\/08\/big-768x511.jpg 768w\" sizes=\"auto, (max-width: 1000px) 100vw, 1000px\" \/><\/figure><div class=\"wp-block-media-text__content\">\n<h2 class=\"wp-block-heading\">Brandcorpset<\/h2>\n\n\n\n<p><br>Brandcorpset har till sin uppgift att v\u00e5rda och f\u00f6rvalta en brandbil av modellen Volvo LV 78 fr\u00e5n 1935. Brandcorpset g\u00e5r bra att hyra vid st\u00f6rre eller mindre tillst\u00e4llningar.<\/p>\n\n\n\n<p>F\u00f6r bokning och info:<br>031 &#8211; 20 69 58<\/p>\n<\/div><\/div>\n\n\n\n<div class=\"wp-block-media-text alignwide is-stacked-on-mobile\" style=\"grid-template-columns:45% auto\"><figure class=\"wp-block-media-text__media\"><img loading=\"lazy\" decoding=\"async\" width=\"375\" height=\"374\" src=\"https:\/\/tfcs.se\/wp-content\/uploads\/2025\/10\/tapperiet-1.png\" alt=\"\" class=\"wp-image-588 size-full\" srcset=\"https:\/\/tfcs.se\/wp-content\/uploads\/2025\/10\/tapperiet-1.png 375w, https:\/\/tfcs.se\/wp-content\/uploads\/2025\/10\/tapperiet-1-300x300.png 300w, https:\/\/tfcs.se\/wp-content\/uploads\/2025\/10\/tapperiet-1-150x150.png 150w\" sizes=\"auto, (max-width: 375px) 100vw, 375px\" \/><\/figure><div class=\"wp-block-media-text__content\">\n<h2 class=\"wp-block-heading\">Tapperiet<\/h2>\n\n\n\n<p>Tapperiet levererar f\u00f6rstklassiga tappupplevelser f\u00f6r alla tillf\u00e4llen. Med fokus p\u00e5 kvalitet, precision och v\u00e4tskeburen passion ser vi till att varje evenemang f\u00e5r den tapp det f\u00f6rtj\u00e4nar.<\/p>\n\n\n\n<p>Vill du ta ditt evenemang till n\u00e4sta niv\u00e5? Kontakta oss p\u00e5 tapperietinfo@gmail.com<\/p>\n<\/div><\/div>\n\n\n\n<h2 class=\"wp-block-heading\">Eventgruppen<\/h2>\n\n\n\n<p><br>Beh\u00f6ver du hj\u00e4lp att arrangera en kandidatmiddag, firmafest eller ett f\u00f6retagsfirande? Eventgruppen erbjuder fullst\u00e4ndiga eventl\u00f6sningar d\u00e4r du bara beh\u00f6ver ha en id\u00e9 och sedan dyka upp p\u00e5 dagen.&nbsp;&nbsp;<\/p>\n\n\n\n<p>F\u00f6r bokning och info:&nbsp; <a href=\"mailto:event@tfcs.se\" target=\"_blank\" rel=\"noreferrer noopener\">event@tfcs.se<\/a><\/p>\n\n\n\n<p><\/p>\n","protected":false},"excerpt":{"rendered":"<p>Kotteri [av franska coterie, av fornfranska cote, koja], krets av likasinnade, klick, g\u00e4ng. RASP RASP \u00e4r en tidning som \u00e5rligen [&hellip;]<\/p>\n","protected":false},"author":1,"featured_media":0,"parent":0,"menu_order":0,"comment_status":"closed","ping_status":"closed","template":"","meta":{"footnotes":""},"class_list":["post-115","page","type-page","status-publish","hentry"],"_links":{"self":[{"href":"https:\/\/tfcs.se\/index.php?rest_route=\/wp\/v2\/pages\/115","targetHints":{"allow":["GET"]}}],"collection":[{"href":"https:\/\/tfcs.se\/index.php?rest_route=\/wp\/v2\/pages"}],"about":[{"href":"https:\/\/tfcs.se\/index.php?rest_route=\/wp\/v2\/types\/page"}],"author":[{"embeddable":true,"href":"https:\/\/tfcs.se\/index.php?rest_route=\/wp\/v2\/users\/1"}],"replies":[{"embeddable":true,"href":"https:\/\/tfcs.se\/index.php?rest_route=%2Fwp%2Fv2%2Fcomments&post=115"}],"version-history":[{"count":30,"href":"https:\/\/tfcs.se\/index.php?rest_route=\/wp\/v2\/pages\/115\/revisions"}],"predecessor-version":[{"id":617,"href":"https:\/\/tfcs.se\/index.php?rest_route=\/wp\/v2\/pages\/115\/revisions\/617"}],"wp:attachment":[{"href":"https:\/\/tfcs.se\/index.php?rest_route=%2Fwp%2Fv2%2Fmedia&parent=115"}],"curies":[{"name":"wp","href":"https:\/\/api.w.org\/{rel}","templated":true}]}}