{"id":119,"date":"2022-08-04T18:33:03","date_gmt":"2022-08-04T18:33:03","guid":{"rendered":"http:\/\/tfcs.se\/?page_id=119"},"modified":"2022-08-04T21:58:39","modified_gmt":"2022-08-04T21:58:39","slug":"om-tf-c-s","status":"publish","type":"page","link":"https:\/\/tfcs.se\/?page_id=119","title":{"rendered":"Om Tf.C.S."},"content":{"rendered":"\n<p>Teknologf\u00f6reningen C.S. \u00e4r en opolitisk kamratf\u00f6rening med s\u00e4te p\u00e5 Chalmers Tekniska H\u00f6gskola. Den startades 1864 och drivs idag som en ideell f\u00f6rening frist\u00e5ende fr\u00e5n Chalmers Tekniska H\u00f6gskola och Chalmers Studentk\u00e5r. S\u00e4llskapets syfte var redan fr\u00e5n b\u00f6rjan att bereda medlemmarna m\u00f6jlighet till kamratskap och n\u00f6je. Det \u00e4r mycket som f\u00f6r\u00e4ndrats inom f\u00f6reningen genom \u00e5ren men det \u00e4r detta ursprungliga syfte som \u00e4r ledstj\u00e4rna f\u00f6r f\u00f6reningens verksamhet \u00e4n idag. F\u00f6reningen arrangerar allt ifr\u00e5n vinprovning och matlagning till stora kalas och resor. All verksamhet administreras och bekostas av f\u00f6reningens medlemmar. Ut\u00f6ver denna mot medlemmarna riktade verksamhet sker \u00e4ven ett visst externt arbete. Med j\u00e4mna mellanrum anlitas C.S. av bland annat Chalmers och Chalmers Studentk\u00e5r f\u00f6r att arrangera fester, administrera evenemang eller vara behj\u00e4lpliga med diverse projekt. Som exempel kan n\u00e4mnas att C.S tillsammans med andra chalmerister samlade in pengar till nya k\u00e5rhuset. F\u00f6reningen brukar dessutom en g\u00e5ng varje \u00e5r ge ut tidningen RASP, en tidning f\u00f6r &#8220;allvar och st\u00e4dat sk\u00e4mt&#8221;.<\/p>\n\n\n\n<p><br>C.S. \u00e4r en invalsf\u00f6rening. Alla aktiva medlemmar \u00e4r Chalmerister. F\u00f6r att f\u00f6reningens verksamhet skall kunna fungera tillfredsst\u00e4llande kan vi inte vara fler medlemmar \u00e4n att alla k\u00e4nner varandra bra. Nya medlemmar v\u00e4ljs in i f\u00f6reningen p\u00e5 ett demokratiskt s\u00e4tt av befintliga medlemmar.<\/p>\n\n\n\n<p>Teknologf\u00f6reningen C.S. har, sedan den bildades 1864, bidragit mycket till studentkulturen p\u00e5 Chalmers. Chalmers Studentk\u00e5r, Cort\u00e8gen, Chalmersspexet, Chalmersm\u00f6ssan, Civilingenj\u00f6rsringen och C.S.-bastun har alla sitt ursprung i C.S. Traditionen med att anordna en examensceremoni f\u00f6r nyutexaminerade civilingenj\u00f6rer \u00e5terupptogs av C.S. 1991 och f\u00f6reningen drog fram till v\u00e5ren 2003 alltj\u00e4mt det tyngsta lasset i arrangemanget av ovan n\u00e4mnda ceremoni. Mycket mer information om f\u00f6reningen finns att l\u00e4sa i Chalma Mater band II s. 198-237. H\u00e4r kan ni l\u00e4sa om det mest hemliga i f\u00f6reningen, vilket \u00e4r vad f\u00f6rkortningen C.S. st\u00e5r f\u00f6r. Det vet vi n\u00e4mligen inte ens sj\u00e4lva.<\/p>\n\n\n\n<p>Nedan finnes stadgar f\u00f6r Teknologf\u00f6reningen C.S.<\/p>\n\n\n\n<div data-wp-interactive=\"core\/file\" class=\"wp-block-file\"><object data-wp-bind--hidden=\"!state.hasPdfPreview\" hidden class=\"wp-block-file__embed\" data=\"http:\/\/tfcs.se\/wp-content\/uploads\/2022\/08\/stadgar.pdf\" type=\"application\/pdf\" style=\"width:100%;height:600px\" aria-label=\"Embed of Embed of stadgar..\"><\/object><a id=\"wp-block-file--media-f8e3700e-c2df-4abd-8b68-85b033bd695b\" href=\"http:\/\/tfcs.se\/wp-content\/uploads\/2022\/08\/stadgar.pdf\">stadgar<\/a><a href=\"http:\/\/tfcs.se\/wp-content\/uploads\/2022\/08\/stadgar.pdf\" class=\"wp-block-file__button\" download aria-describedby=\"wp-block-file--media-f8e3700e-c2df-4abd-8b68-85b033bd695b\">Download<\/a><\/div>\n","protected":false},"excerpt":{"rendered":"<p>Teknologf\u00f6reningen C.S. \u00e4r en opolitisk kamratf\u00f6rening med s\u00e4te p\u00e5 Chalmers Tekniska H\u00f6gskola. Den startades 1864 och drivs idag som en [&hellip;]<\/p>\n","protected":false},"author":1,"featured_media":0,"parent":0,"menu_order":0,"comment_status":"closed","ping_status":"closed","template":"","meta":{"footnotes":""},"class_list":["post-119","page","type-page","status-publish","hentry"],"_links":{"self":[{"href":"https:\/\/tfcs.se\/index.php?rest_route=\/wp\/v2\/pages\/119","targetHints":{"allow":["GET"]}}],"collection":[{"href":"https:\/\/tfcs.se\/index.php?rest_route=\/wp\/v2\/pages"}],"about":[{"href":"https:\/\/tfcs.se\/index.php?rest_route=\/wp\/v2\/types\/page"}],"author":[{"embeddable":true,"href":"https:\/\/tfcs.se\/index.php?rest_route=\/wp\/v2\/users\/1"}],"replies":[{"embeddable":true,"href":"https:\/\/tfcs.se\/index.php?rest_route=%2Fwp%2Fv2%2Fcomments&post=119"}],"version-history":[{"count":4,"href":"https:\/\/tfcs.se\/index.php?rest_route=\/wp\/v2\/pages\/119\/revisions"}],"predecessor-version":[{"id":249,"href":"https:\/\/tfcs.se\/index.php?rest_route=\/wp\/v2\/pages\/119\/revisions\/249"}],"wp:attachment":[{"href":"https:\/\/tfcs.se\/index.php?rest_route=%2Fwp%2Fv2%2Fmedia&parent=119"}],"curies":[{"name":"wp","href":"https:\/\/api.w.org\/{rel}","templated":true}]}}