{"id":121,"date":"2022-08-04T18:33:03","date_gmt":"2022-08-04T18:33:03","guid":{"rendered":"http:\/\/tfcs.se\/?page_id=121"},"modified":"2025-03-13T15:13:04","modified_gmt":"2025-03-13T15:13:04","slug":"lokaler","status":"publish","type":"page","link":"https:\/\/tfcs.se\/?page_id=121","title":{"rendered":"Kontakt"},"content":{"rendered":"\n<p><strong>Scrubben<\/strong><br>Teknologf\u00f6reningen C.S.&nbsp;<br>Emil Of\u00f6rv\u00e4gen 1A&nbsp;<br>412 58 G\u00f6teborg&nbsp;<br>Telefon: 031 &#8211; 20 69 58&nbsp;<br><a href=\"mailto:adrian@tfcs.se\">adrian@tfcs.se<\/a>&nbsp;<br>Bankgiro: 408-3317<\/p>\n\n\n\n<p><strong>RASP-redax<\/strong><br>RASP-redax\u00a0<br>Teknologf\u00f6reningen C.S.\u00a0<br>Emil Of\u00f6rv\u00e4gen 1A\u00a0<br>412 58 G\u00f6teborg\u00a0<br><a href=\"mailto:rasp@tfcs.chalmers.se\">rasp@tfcs.chalmers.se<\/a>\u00a0<\/p>\n\n\n\n<p><strong>Utskicksgruppen<\/strong><br>Prenumerera p\u00e5 utskick? Maila:&nbsp;&nbsp;<br><a href=\"mailto:utskicksgruppen@tfcs.chalmers.se\" target=\"_blank\" rel=\"noreferrer noopener\">utskicksgruppen@tfcs.chalmers.se<\/a><\/p>\n\n\n\n<p><strong>SGG<\/strong><br><a href=\"mailto:sgg@tfcs.se\" target=\"_blank\" rel=\"noreferrer noopener\">sgg@tfcs.se<\/a><\/p>\n\n\n\n<p><strong>Eventgruppen<\/strong><br><a href=\"mailto:event@tfcs.se\" target=\"_blank\" rel=\"noreferrer noopener\">event@tfcs.se<\/a><\/p>\n\n\n\n<p><\/p>\n\n\n\n<div style=\"height:215px\" aria-hidden=\"true\" class=\"wp-block-spacer\"><\/div>\n","protected":false},"excerpt":{"rendered":"<p>ScrubbenTeknologf\u00f6reningen C.S.&nbsp;Emil Of\u00f6rv\u00e4gen 1A&nbsp;412 58 G\u00f6teborg&nbsp;Telefon: 031 &#8211; 20 69 58&nbsp;adrian@tfcs.se&nbsp;Bankgiro: 408-3317 RASP-redaxRASP-redax\u00a0Teknologf\u00f6reningen C.S.\u00a0Emil Of\u00f6rv\u00e4gen 1A\u00a0412 58 G\u00f6teborg\u00a0rasp@tfcs.chalmers.se\u00a0 UtskicksgruppenPrenumerera p\u00e5 [&hellip;]<\/p>\n","protected":false},"author":1,"featured_media":0,"parent":0,"menu_order":0,"comment_status":"closed","ping_status":"closed","template":"","meta":{"footnotes":""},"class_list":["post-121","page","type-page","status-publish","hentry"],"_links":{"self":[{"href":"https:\/\/tfcs.se\/index.php?rest_route=\/wp\/v2\/pages\/121","targetHints":{"allow":["GET"]}}],"collection":[{"href":"https:\/\/tfcs.se\/index.php?rest_route=\/wp\/v2\/pages"}],"about":[{"href":"https:\/\/tfcs.se\/index.php?rest_route=\/wp\/v2\/types\/page"}],"author":[{"embeddable":true,"href":"https:\/\/tfcs.se\/index.php?rest_route=\/wp\/v2\/users\/1"}],"replies":[{"embeddable":true,"href":"https:\/\/tfcs.se\/index.php?rest_route=%2Fwp%2Fv2%2Fcomments&post=121"}],"version-history":[{"count":10,"href":"https:\/\/tfcs.se\/index.php?rest_route=\/wp\/v2\/pages\/121\/revisions"}],"predecessor-version":[{"id":576,"href":"https:\/\/tfcs.se\/index.php?rest_route=\/wp\/v2\/pages\/121\/revisions\/576"}],"wp:attachment":[{"href":"https:\/\/tfcs.se\/index.php?rest_route=%2Fwp%2Fv2%2Fmedia&parent=121"}],"curies":[{"name":"wp","href":"https:\/\/api.w.org\/{rel}","templated":true}]}}